{"id":2834,"date":"2024-05-28T09:46:37","date_gmt":"2024-05-28T12:46:37","guid":{"rendered":"https:\/\/grupobyild.com.br\/?page_id=2834"},"modified":"2025-05-27T17:06:56","modified_gmt":"2025-05-27T20:06:56","slug":"faq","status":"publish","type":"page","link":"https:\/\/grupobyild.com.br\/index.php\/faq\/","title":{"rendered":"FAQ"},"content":{"rendered":"\t\t<div data-elementor-type=\"wp-page\" data-elementor-id=\"2834\" class=\"elementor elementor-2834\">\n\t\t\t\t<div class=\"elementor-element elementor-element-567b7bca e-flex e-con-boxed lakit-col-width-auto-no e-container e-root-container elementor-top-section e-con e-parent\" data-id=\"567b7bca\" data-element_type=\"container\" data-e-type=\"container\" data-settings=\"{&quot;background_background&quot;:&quot;classic&quot;}\">\n\t\t\t\t\t<div class=\"e-con-inner\">\n\t\t\t\t\t<\/div>\n\t\t\t\t<\/div>\n\t\t<div class=\"elementor-element elementor-element-b8e25b0 e-flex e-con-boxed lakit-col-width-auto-no e-container e-root-container elementor-top-section e-con e-parent\" data-id=\"b8e25b0\" data-element_type=\"container\" data-e-type=\"container\">\n\t\t\t\t\t<div class=\"e-con-inner\">\n\t\t<div class=\"elementor-element elementor-element-242afffb e-flex e-con-boxed lakit-col-width-auto-no e-container e-con e-child\" data-id=\"242afffb\" data-element_type=\"container\" data-e-type=\"container\" data-settings=\"{&quot;background_background&quot;:&quot;classic&quot;}\">\n\t\t\t\t\t<div class=\"e-con-inner\">\n\t\t\t\t<div class=\"elementor-element elementor-element-70ceed92 elementor-absolute elementor-widget elementor-widget-heading\" data-id=\"70ceed92\" data-element_type=\"widget\" data-e-type=\"widget\" data-settings=\"{&quot;_position&quot;:&quot;absolute&quot;}\" data-widget_type=\"heading.default\">\n\t\t\t\t<div class=\"elementor-widget-container\">\n\t\t\t\t\t<h2 class=\"elementor-heading-title elementor-size-default\">FAQ<\/h2>\t\t\t\t<\/div>\n\t\t\t\t<\/div>\n\t\t\t\t<div class=\"elementor-element elementor-element-2c346457 elementor-absolute elementor-widget elementor-widget-heading\" data-id=\"2c346457\" data-element_type=\"widget\" data-e-type=\"widget\" data-settings=\"{&quot;_position&quot;:&quot;absolute&quot;}\" data-widget_type=\"heading.default\">\n\t\t\t\t<div class=\"elementor-widget-container\">\n\t\t\t\t\t<div class=\"elementor-heading-title elementor-size-default\">Byild<\/div>\t\t\t\t<\/div>\n\t\t\t\t<\/div>\n\t\t\t\t\t<\/div>\n\t\t\t\t<\/div>\n\t\t\t\t\t<\/div>\n\t\t\t\t<\/div>\n\t\t<div class=\"elementor-element elementor-element-cf4e721 e-flex e-con-boxed lakit-col-width-auto-no e-container e-root-container elementor-top-section e-con e-parent\" data-id=\"cf4e721\" data-element_type=\"container\" data-e-type=\"container\">\n\t\t\t\t\t<div class=\"e-con-inner\">\n\t\t\t\t<div class=\"elementor-element elementor-element-e753ddc elementor-widget elementor-widget-spacer\" data-id=\"e753ddc\" data-element_type=\"widget\" data-e-type=\"widget\" data-widget_type=\"spacer.default\">\n\t\t\t\t<div class=\"elementor-widget-container\">\n\t\t\t\t\t\t\t<div class=\"elementor-spacer\">\n\t\t\t<div class=\"elementor-spacer-inner\"><\/div>\n\t\t<\/div>\n\t\t\t\t\t\t<\/div>\n\t\t\t\t<\/div>\n\t\t\t\t<div class=\"elementor-element elementor-element-3e5bd5a elementor-widget elementor-widget-heading\" data-id=\"3e5bd5a\" data-element_type=\"widget\" data-e-type=\"widget\" data-widget_type=\"heading.default\">\n\t\t\t\t<div class=\"elementor-widget-container\">\n\t\t\t\t\t<h2 class=\"elementor-heading-title elementor-size-default\">FAC ~ Principais perguntas<\/h2>\t\t\t\t<\/div>\n\t\t\t\t<\/div>\n\t\t\t\t<div class=\"elementor-element elementor-element-e7b5dd4 elementor-widget elementor-widget-spacer\" data-id=\"e7b5dd4\" data-element_type=\"widget\" data-e-type=\"widget\" data-widget_type=\"spacer.default\">\n\t\t\t\t<div class=\"elementor-widget-container\">\n\t\t\t\t\t\t\t<div class=\"elementor-spacer\">\n\t\t\t<div class=\"elementor-spacer-inner\"><\/div>\n\t\t<\/div>\n\t\t\t\t\t\t<\/div>\n\t\t\t\t<\/div>\n\t\t\t\t\t<\/div>\n\t\t\t\t<\/div>\n\t\t<div class=\"elementor-element elementor-element-a7f198d e-flex e-con-boxed lakit-col-width-auto-no e-container e-root-container elementor-top-section e-con e-parent\" data-id=\"a7f198d\" data-element_type=\"container\" data-e-type=\"container\">\n\t\t\t\t\t<div class=\"e-con-inner\">\n\t\t\t\t<div class=\"elementor-element elementor-element-9c97c0e elementor-widget elementor-widget-heading\" data-id=\"9c97c0e\" data-element_type=\"widget\" data-e-type=\"widget\" data-widget_type=\"heading.default\">\n\t\t\t\t<div class=\"elementor-widget-container\">\n\t\t\t\t\t<h6 class=\"elementor-heading-title elementor-size-default\">Quaisquer d\u00favidas que surgirem, nos colocamos \u00e0 disposi\u00e7\u00e3o para os devidos esclarecimentos atrav\u00e9s do nosso e-mail: sac@grupobyild.com.br<\/h6>\t\t\t\t<\/div>\n\t\t\t\t<\/div>\n\t\t\t\t<div class=\"elementor-element elementor-element-432349c elementor-widget elementor-widget-spacer\" data-id=\"432349c\" data-element_type=\"widget\" data-e-type=\"widget\" data-widget_type=\"spacer.default\">\n\t\t\t\t<div class=\"elementor-widget-container\">\n\t\t\t\t\t\t\t<div class=\"elementor-spacer\">\n\t\t\t<div class=\"elementor-spacer-inner\"><\/div>\n\t\t<\/div>\n\t\t\t\t\t\t<\/div>\n\t\t\t\t<\/div>\n\t\t\t\t\t<\/div>\n\t\t\t\t<\/div>\n\t\t<div class=\"elementor-element elementor-element-62f2d354 e-flex e-con-boxed lakit-col-width-auto-no e-container e-root-container elementor-top-section e-con e-parent\" data-id=\"62f2d354\" data-element_type=\"container\" data-e-type=\"container\">\n\t\t\t\t\t<div class=\"e-con-inner\">\n\t\t\t\t<div class=\"elementor-element elementor-element-129af74b accordion-close-all elementor-widget elementor-widget-accordion\" data-id=\"129af74b\" data-element_type=\"widget\" data-e-type=\"widget\" data-widget_type=\"accordion.default\">\n\t\t\t\t<div class=\"elementor-widget-container\">\n\t\t\t\t\t\t\t<div class=\"elementor-accordion\">\n\t\t\t\t\t\t\t<div class=\"elementor-accordion-item\">\n\t\t\t\t\t<div id=\"elementor-tab-title-3121\" class=\"elementor-tab-title\" data-tab=\"1\" role=\"button\" aria-controls=\"elementor-tab-content-3121\" aria-expanded=\"false\">\n\t\t\t\t\t\t\t\t\t\t\t\t\t<span class=\"elementor-accordion-icon elementor-accordion-icon-right\" aria-hidden=\"true\">\n\t\t\t\t\t\t\t\t\t\t\t\t\t\t\t<span class=\"elementor-accordion-icon-closed\"><svg xmlns=\"http:\/\/www.w3.org\/2000\/svg\" width=\"300\" height=\"300\" viewBox=\"0 0 300 300\" class=\"lakit-font-icon-svg\" data-icon-name=\"down-arrow\" data-icon-type=\"LaStudioIcons\"><path d=\"M150 225c-3.3 0-6.3-1.2-8.7-3.6L7.2 87.6l17.7-17.7L150 194.7 275.1 69.9l17.7 17.7L159 221.4c-2.7 2.4-5.7 3.6-9 3.6z\" fill=\"currentColor\"\/><\/svg><\/span>\n\t\t\t\t\t\t\t\t<span class=\"elementor-accordion-icon-opened\"><svg xmlns=\"http:\/\/www.w3.org\/2000\/svg\" width=\"300\" height=\"300\" viewBox=\"0 0 300 300\" class=\"lakit-font-icon-svg\" data-icon-name=\"up-arrow\" data-icon-type=\"LaStudioIcons\"><path d=\"M275.1 230.1L150 105.3 24.9 230.1 7.2 212.4 141.3 78.6c4.8-4.8 12.6-4.8 17.7 0l133.8 133.8-17.7 17.7z\" fill=\"currentColor\"\/><\/svg><\/span>\n\t\t\t\t\t\t\t\t\t\t\t\t\t\t<\/span>\n\t\t\t\t\t\t\t\t\t\t\t\t<a class=\"elementor-accordion-title\" tabindex=\"0\">POSSO SER UM REPRESENTANTE COMERCIAL DO GRUPO BYILD?<\/a>\n\t\t\t\t\t<\/div>\n\t\t\t\t\t<div id=\"elementor-tab-content-3121\" class=\"elementor-tab-content elementor-clearfix\" data-tab=\"1\" role=\"region\" aria-labelledby=\"elementor-tab-title-3121\"><p>Sim. Temos um programa<a href=\"https:\/\/athivie.com.br\/faq\/sac@athivie.com.br\">\u00a0<\/a>de credenciamento para novos mercados. Interessados enviar mensagem:\u00a0<a href=\"https:\/\/grupobyild.com.br\/index.php\/seja-um-distribuidor\/\">SEJA UM DISTRIBUIDOR<\/a><\/p><\/div>\n\t\t\t\t<\/div>\n\t\t\t\t\t\t\t<div class=\"elementor-accordion-item\">\n\t\t\t\t\t<div id=\"elementor-tab-title-3122\" class=\"elementor-tab-title\" data-tab=\"2\" role=\"button\" aria-controls=\"elementor-tab-content-3122\" aria-expanded=\"false\">\n\t\t\t\t\t\t\t\t\t\t\t\t\t<span class=\"elementor-accordion-icon elementor-accordion-icon-right\" aria-hidden=\"true\">\n\t\t\t\t\t\t\t\t\t\t\t\t\t\t\t<span class=\"elementor-accordion-icon-closed\"><svg xmlns=\"http:\/\/www.w3.org\/2000\/svg\" width=\"300\" height=\"300\" viewBox=\"0 0 300 300\" class=\"lakit-font-icon-svg\" data-icon-name=\"down-arrow\" data-icon-type=\"LaStudioIcons\"><path d=\"M150 225c-3.3 0-6.3-1.2-8.7-3.6L7.2 87.6l17.7-17.7L150 194.7 275.1 69.9l17.7 17.7L159 221.4c-2.7 2.4-5.7 3.6-9 3.6z\" fill=\"currentColor\"\/><\/svg><\/span>\n\t\t\t\t\t\t\t\t<span class=\"elementor-accordion-icon-opened\"><svg xmlns=\"http:\/\/www.w3.org\/2000\/svg\" width=\"300\" height=\"300\" viewBox=\"0 0 300 300\" class=\"lakit-font-icon-svg\" data-icon-name=\"up-arrow\" data-icon-type=\"LaStudioIcons\"><path d=\"M275.1 230.1L150 105.3 24.9 230.1 7.2 212.4 141.3 78.6c4.8-4.8 12.6-4.8 17.7 0l133.8 133.8-17.7 17.7z\" fill=\"currentColor\"\/><\/svg><\/span>\n\t\t\t\t\t\t\t\t\t\t\t\t\t\t<\/span>\n\t\t\t\t\t\t\t\t\t\t\t\t<a class=\"elementor-accordion-title\" tabindex=\"0\">O GRUPO BYILD TEM ALGUM PROGRAMA PARA PROFISSIONAIS DA SA\u00daDE?<\/a>\n\t\t\t\t\t<\/div>\n\t\t\t\t\t<div id=\"elementor-tab-content-3122\" class=\"elementor-tab-content elementor-clearfix\" data-tab=\"2\" role=\"region\" aria-labelledby=\"elementor-tab-title-3122\"><p>Sim. Acreditamos que devemos ajudar a vida das pessoas investindo em solu\u00e7\u00f5es para a sa\u00fade atrav\u00e9s da capacita\u00e7\u00e3o humana. Estamos em fase de aperfei\u00e7oamento de um plano de parceria para construir conex\u00f5es significativas em prol da sa\u00fade para a pele dos Brasileiros. Aguarde.<\/p><\/div>\n\t\t\t\t<\/div>\n\t\t\t\t\t\t\t\t<\/div>\n\t\t\t\t\t\t<\/div>\n\t\t\t\t<\/div>\n\t\t\t\t\t<\/div>\n\t\t\t\t<\/div>\n\t\t\t\t<\/div>\n\t\t","protected":false},"excerpt":{"rendered":"<p>FAQ Byild FAC ~ Principais perguntas Quaisquer d\u00favidas que surgirem, nos colocamos \u00e0 disposi\u00e7\u00e3o para os devidos esclarecimentos atrav\u00e9s do nosso e-mail: sac@grupobyild.com.br POSSO SER UM REPRESENTANTE COMERCIAL DO GRUPO BYILD? Sim. Temos um programa\u00a0de credenciamento para novos mercados. Interessados enviar mensagem:\u00a0SEJA UM DISTRIBUIDOR O GRUPO BYILD TEM ALGUM PROGRAMA PARA&hellip;<\/p>\n","protected":false},"author":1,"featured_media":0,"parent":0,"menu_order":0,"comment_status":"closed","ping_status":"closed","template":"elementor_header_footer","meta":{"footnotes":""},"class_list":["post-2834","page","type-page","status-publish","hentry"],"_links":{"self":[{"href":"https:\/\/grupobyild.com.br\/index.php\/wp-json\/wp\/v2\/pages\/2834","targetHints":{"allow":["GET"]}}],"collection":[{"href":"https:\/\/grupobyild.com.br\/index.php\/wp-json\/wp\/v2\/pages"}],"about":[{"href":"https:\/\/grupobyild.com.br\/index.php\/wp-json\/wp\/v2\/types\/page"}],"author":[{"embeddable":true,"href":"https:\/\/grupobyild.com.br\/index.php\/wp-json\/wp\/v2\/users\/1"}],"replies":[{"embeddable":true,"href":"https:\/\/grupobyild.com.br\/index.php\/wp-json\/wp\/v2\/comments?post=2834"}],"version-history":[{"count":37,"href":"https:\/\/grupobyild.com.br\/index.php\/wp-json\/wp\/v2\/pages\/2834\/revisions"}],"predecessor-version":[{"id":4179,"href":"https:\/\/grupobyild.com.br\/index.php\/wp-json\/wp\/v2\/pages\/2834\/revisions\/4179"}],"wp:attachment":[{"href":"https:\/\/grupobyild.com.br\/index.php\/wp-json\/wp\/v2\/media?parent=2834"}],"curies":[{"name":"wp","href":"https:\/\/api.w.org\/{rel}","templated":true}]}}